{"id":277,"date":"2023-04-13T12:41:17","date_gmt":"2023-04-13T10:41:17","guid":{"rendered":"https:\/\/karlvdk.com\/?page_id=277"},"modified":"2023-04-13T12:47:36","modified_gmt":"2023-04-13T10:47:36","slug":"bavet-creative-copywriter-fr","status":"publish","type":"page","link":"https:\/\/karlvdk.com\/index.php\/bavet-creative-copywriter-fr\/","title":{"rendered":"BAVET &#8211; CREATIVE COPYWRITER FR"},"content":{"rendered":"\t\t<div data-elementor-type=\"wp-page\" data-elementor-id=\"277\" class=\"elementor elementor-277\">\n\t\t\t\t\t\t<section class=\"elementor-section elementor-top-section elementor-element elementor-element-11147b6 elementor-section-boxed elementor-section-height-default elementor-section-height-default\" data-id=\"11147b6\" data-element_type=\"section\" data-e-type=\"section\">\n\t\t\t\t\t\t<div class=\"elementor-container elementor-column-gap-default\">\n\t\t\t\t\t<div class=\"elementor-column elementor-col-100 elementor-top-column elementor-element elementor-element-de4cb9d\" data-id=\"de4cb9d\" data-element_type=\"column\" data-e-type=\"column\">\n\t\t\t<div class=\"elementor-widget-wrap elementor-element-populated\">\n\t\t\t\t\t\t<div class=\"elementor-element elementor-element-79ce1c2 elementor-widget elementor-widget-image\" data-id=\"79ce1c2\" data-element_type=\"widget\" data-e-type=\"widget\" data-widget_type=\"image.default\">\n\t\t\t\t<div class=\"elementor-widget-container\">\n\t\t\t\t\t\t\t\t\t\t\t\t\t\t\t<img fetchpriority=\"high\" decoding=\"async\" width=\"2168\" height=\"769\" src=\"https:\/\/karlvdk.com\/wp-content\/uploads\/2023\/04\/article_site.jpg\" class=\"attachment-full size-full wp-image-279\" alt=\"\" srcset=\"https:\/\/karlvdk.com\/wp-content\/uploads\/2023\/04\/article_site.jpg 2168w, https:\/\/karlvdk.com\/wp-content\/uploads\/2023\/04\/article_site-300x106.jpg 300w, https:\/\/karlvdk.com\/wp-content\/uploads\/2023\/04\/article_site-1024x363.jpg 1024w, https:\/\/karlvdk.com\/wp-content\/uploads\/2023\/04\/article_site-768x272.jpg 768w, https:\/\/karlvdk.com\/wp-content\/uploads\/2023\/04\/article_site-1536x545.jpg 1536w, https:\/\/karlvdk.com\/wp-content\/uploads\/2023\/04\/article_site-2048x726.jpg 2048w\" sizes=\"(max-width: 2168px) 100vw, 2168px\" \/>\t\t\t\t\t\t\t\t\t\t\t\t\t\t\t<\/div>\n\t\t\t\t<\/div>\n\t\t\t\t\t<\/div>\n\t\t<\/div>\n\t\t\t\t\t<\/div>\n\t\t<\/section>\n\t\t\t\t<section class=\"elementor-section elementor-top-section elementor-element elementor-element-596e068c elementor-section-boxed elementor-section-height-default elementor-section-height-default\" data-id=\"596e068c\" data-element_type=\"section\" data-e-type=\"section\">\n\t\t\t\t\t\t<div class=\"elementor-container elementor-column-gap-default\">\n\t\t\t\t\t<div class=\"elementor-column elementor-col-100 elementor-top-column elementor-element elementor-element-2109b8c\" data-id=\"2109b8c\" data-element_type=\"column\" data-e-type=\"column\">\n\t\t\t<div class=\"elementor-widget-wrap elementor-element-populated\">\n\t\t\t\t\t\t<div class=\"elementor-element elementor-element-2ef303c4 elementor-widget elementor-widget-heading\" data-id=\"2ef303c4\" data-element_type=\"widget\" data-e-type=\"widget\" data-widget_type=\"heading.default\">\n\t\t\t\t<div class=\"elementor-widget-container\">\n\t\t\t\t\t<h2 class=\"elementor-heading-title elementor-size-default\"><span style=\"font-size: 27px\">BAVET- Creative copywriter FR<\/span><span style=\"font-size: 27px\"><\/span><\/h2>\t\t\t\t<\/div>\n\t\t\t\t<\/div>\n\t\t\t\t<div class=\"elementor-element elementor-element-36b446d7 elementor-widget elementor-widget-text-editor\" data-id=\"36b446d7\" data-element_type=\"widget\" data-e-type=\"widget\" data-widget_type=\"text-editor.default\">\n\t\t\t\t<div class=\"elementor-widget-container\">\n\t\t\t\t\t\t\t\t\t<p>If there\u2019s anything that unites people it\u2019s a saucy bowl of spaghetti. Bavet means more than \u2018just spaghetti\u2019, though. It\u2019s about making friends on both sides of the table. It\u2019s a feeling, an experience.<br \/><br \/>To fully translate this experience to a native French speaking audience, BAVET needed qualitative creative copywriting that would respect the specific tone of voice and personality of the brand. A difficult but very fun assignement that I particularly enjoyed!\u00a0<\/p>\t\t\t\t\t\t\t\t<\/div>\n\t\t\t\t<\/div>\n\t\t\t\t<div class=\"elementor-element elementor-element-4072df25 elementor-widget elementor-widget-heading\" data-id=\"4072df25\" data-element_type=\"widget\" data-e-type=\"widget\" data-widget_type=\"heading.default\">\n\t\t\t\t<div class=\"elementor-widget-container\">\n\t\t\t\t\t<h3 class=\"elementor-heading-title elementor-size-default\">Some examples<\/h3>\t\t\t\t<\/div>\n\t\t\t\t<\/div>\n\t\t\t\t<div class=\"elementor-element elementor-element-8b40a3f elementor-widget elementor-widget-text-editor\" data-id=\"8b40a3f\" data-element_type=\"widget\" data-e-type=\"widget\" data-widget_type=\"text-editor.default\">\n\t\t\t\t<div class=\"elementor-widget-container\">\n\t\t\t\t\t\t\t\t\t<p><strong>BAVET APP<\/strong><\/p><p><span data-sheets-value=\"{&quot;1&quot;:2,&quot;2&quot;:&quot;Tu ne peux plus te passer de nous ? On va pas te laisser dans la sauce ! T\u00e9l\u00e9charge notre app et rejoins le club BAVET. Deals, r\u00e9ductions exclusives et m\u00eame des spaghettis gratuits! Let's go!&quot;}\" data-sheets-userformat=\"{&quot;2&quot;:769,&quot;3&quot;:{&quot;1&quot;:0},&quot;11&quot;:4,&quot;12&quot;:0}\">&#8220;Tu ne peux plus te passer de nous ? On va pas te laisser dans la sauce ! T\u00e9l\u00e9charge notre app et rejoins le club BAVET. Deals, r\u00e9ductions exclusives et m\u00eame des spaghettis gratuits! Let&#8217;s go!&#8221;<\/span><\/p><p><strong>MERCHANDISING BAVET<\/strong><\/p><p><span data-sheets-value=\"{&quot;1&quot;:2,&quot;2&quot;:&quot;Tu veux connaitre les cl\u00e9s du dress code parfait ? Que Cristina te trouve 100% \u00ab magnifa\u00efk \u00bb ? Jette un \u0153il \u00e0 notre merch BAVET ! Des saucettes, euh, chaussettes, des hoodies et m\u00eame des tenues de cyclisme pour vraiment faire partie de la BAVET family.&quot;}\" data-sheets-userformat=\"{&quot;2&quot;:768,&quot;11&quot;:4,&quot;12&quot;:0}\">&#8220;Tu veux connaitre les cl\u00e9s du dress code parfait ? Que Cristina te trouve 100% \u00ab magnifa\u00efk \u00bb ? Jette un \u0153il \u00e0 notre merch BAVET ! Des saucettes, euh, chaussettes, des hoodies et m\u00eame des tenues de cyclisme pour vraiment faire partie de la BAVET family.&#8221;<\/span><\/p><p><strong>FORMATIONS BAVET<\/strong><\/p><p>&#8220;Un jour, tu seras le meilleur dresseur (de tables). Et pour t\u2019aider \u00e0 y arriver, BAVET te propose plein de formations et de conseils pratiques. De quoi affronter sereinement le Conseil des 4 (fromages).&#8221;<\/p>\t\t\t\t\t\t\t\t<\/div>\n\t\t\t\t<\/div>\n\t\t\t\t<div class=\"elementor-element elementor-element-de6a240 elementor-align-center elementor-widget elementor-widget-button\" data-id=\"de6a240\" data-element_type=\"widget\" data-e-type=\"widget\" data-widget_type=\"button.default\">\n\t\t\t\t<div class=\"elementor-widget-container\">\n\t\t\t\t\t\t\t\t\t<div class=\"elementor-button-wrapper\">\n\t\t\t\t\t<a class=\"elementor-button elementor-button-link elementor-size-sm\" href=\"https:\/\/bavet.eu\/fr\">\n\t\t\t\t\t\t<span class=\"elementor-button-content-wrapper\">\n\t\t\t\t\t\t\t\t\t<span class=\"elementor-button-text\">VERS LE SITE BAVET<\/span>\n\t\t\t\t\t<\/span>\n\t\t\t\t\t<\/a>\n\t\t\t\t<\/div>\n\t\t\t\t\t\t\t\t<\/div>\n\t\t\t\t<\/div>\n\t\t\t\t\t<\/div>\n\t\t<\/div>\n\t\t\t\t\t<\/div>\n\t\t<\/section>\n\t\t\t\t<section class=\"elementor-section elementor-top-section elementor-element elementor-element-5d9e2d9b elementor-section-boxed elementor-section-height-default elementor-section-height-default\" data-id=\"5d9e2d9b\" data-element_type=\"section\" data-e-type=\"section\">\n\t\t\t\t\t\t<div class=\"elementor-container elementor-column-gap-default\">\n\t\t\t\t\t<div class=\"elementor-column elementor-col-100 elementor-top-column elementor-element elementor-element-3225bffd\" data-id=\"3225bffd\" data-element_type=\"column\" data-e-type=\"column\">\n\t\t\t<div class=\"elementor-widget-wrap elementor-element-populated\">\n\t\t\t\t\t\t<div class=\"elementor-element elementor-element-34164fa8 elementor-widget elementor-widget-heading\" data-id=\"34164fa8\" data-element_type=\"widget\" data-e-type=\"widget\" data-widget_type=\"heading.default\">\n\t\t\t\t<div class=\"elementor-widget-container\">\n\t\t\t\t\t<h2 class=\"elementor-heading-title elementor-size-default\">Interested in working together?<\/h2>\t\t\t\t<\/div>\n\t\t\t\t<\/div>\n\t\t\t\t<div class=\"elementor-element elementor-element-3f460f2f elementor-align-start elementor-icon-list--layout-traditional elementor-list-item-link-full_width elementor-widget elementor-widget-icon-list\" data-id=\"3f460f2f\" data-element_type=\"widget\" data-e-type=\"widget\" data-widget_type=\"icon-list.default\">\n\t\t\t\t<div class=\"elementor-widget-container\">\n\t\t\t\t\t\t\t<ul class=\"elementor-icon-list-items\">\n\t\t\t\t\t\t\t<li class=\"elementor-icon-list-item\">\n\t\t\t\t\t\t\t\t\t\t\t<span class=\"elementor-icon-list-icon\">\n\t\t\t\t\t\t\t<i aria-hidden=\"true\" class=\"far fa-envelope\"><\/i>\t\t\t\t\t\t<\/span>\n\t\t\t\t\t\t\t\t\t\t<span class=\"elementor-icon-list-text\">karlvdk@outlook.com<\/span>\n\t\t\t\t\t\t\t\t\t<\/li>\n\t\t\t\t\t\t\t\t<li class=\"elementor-icon-list-item\">\n\t\t\t\t\t\t\t\t\t\t\t<a href=\"https:\/\/www.linkedin.com\/in\/karl-vanderkelen-71a91227\/\">\n\n\t\t\t\t\t\t\t\t\t\t\t\t<span class=\"elementor-icon-list-icon\">\n\t\t\t\t\t\t\t<i aria-hidden=\"true\" class=\"fab fa-linkedin\"><\/i>\t\t\t\t\t\t<\/span>\n\t\t\t\t\t\t\t\t\t\t<span class=\"elementor-icon-list-text\">Linkedin profile<\/span>\n\t\t\t\t\t\t\t\t\t\t\t<\/a>\n\t\t\t\t\t\t\t\t\t<\/li>\n\t\t\t\t\t\t\t\t<li class=\"elementor-icon-list-item\">\n\t\t\t\t\t\t\t\t\t\t\t<a href=\"https:\/\/www.instagram.com\/karl.vdk\/?hl=fr\">\n\n\t\t\t\t\t\t\t\t\t\t\t\t<span class=\"elementor-icon-list-icon\">\n\t\t\t\t\t\t\t<i aria-hidden=\"true\" class=\"fab fa-instagram\"><\/i>\t\t\t\t\t\t<\/span>\n\t\t\t\t\t\t\t\t\t\t<span class=\"elementor-icon-list-text\">Instagram account<\/span>\n\t\t\t\t\t\t\t\t\t\t\t<\/a>\n\t\t\t\t\t\t\t\t\t<\/li>\n\t\t\t\t\t\t<\/ul>\n\t\t\t\t\t\t<\/div>\n\t\t\t\t<\/div>\n\t\t\t\t\t<\/div>\n\t\t<\/div>\n\t\t\t\t\t<\/div>\n\t\t<\/section>\n\t\t\t\t<\/div>\n\t\t","protected":false},"excerpt":{"rendered":"<p>BAVET- Creative copywriter FR If there\u2019s anything that unites people it\u2019s a saucy bowl of spaghetti. Bavet means more than \u2018just spaghetti\u2019, though. It\u2019s about making friends on both sides of the table. It\u2019s a feeling, an experience. To fully translate this experience to a native French speaking audience, BAVET needed qualitative creative copywriting that [&hellip;]<\/p>\n","protected":false},"author":1,"featured_media":0,"parent":0,"menu_order":0,"comment_status":"closed","ping_status":"closed","template":"","meta":{"om_disable_all_campaigns":false,"_monsterinsights_skip_tracking":false,"_monsterinsights_sitenote_active":false,"_monsterinsights_sitenote_note":"","_monsterinsights_sitenote_category":0,"footnotes":""},"class_list":["post-277","page","type-page","status-publish","hentry"],"aioseo_notices":[],"_links":{"self":[{"href":"https:\/\/karlvdk.com\/index.php\/wp-json\/wp\/v2\/pages\/277","targetHints":{"allow":["GET"]}}],"collection":[{"href":"https:\/\/karlvdk.com\/index.php\/wp-json\/wp\/v2\/pages"}],"about":[{"href":"https:\/\/karlvdk.com\/index.php\/wp-json\/wp\/v2\/types\/page"}],"author":[{"embeddable":true,"href":"https:\/\/karlvdk.com\/index.php\/wp-json\/wp\/v2\/users\/1"}],"replies":[{"embeddable":true,"href":"https:\/\/karlvdk.com\/index.php\/wp-json\/wp\/v2\/comments?post=277"}],"version-history":[{"count":9,"href":"https:\/\/karlvdk.com\/index.php\/wp-json\/wp\/v2\/pages\/277\/revisions"}],"predecessor-version":[{"id":287,"href":"https:\/\/karlvdk.com\/index.php\/wp-json\/wp\/v2\/pages\/277\/revisions\/287"}],"wp:attachment":[{"href":"https:\/\/karlvdk.com\/index.php\/wp-json\/wp\/v2\/media?parent=277"}],"curies":[{"name":"wp","href":"https:\/\/api.w.org\/{rel}","templated":true}]}}